{"id":322,"date":"2023-07-16T10:44:21","date_gmt":"2023-07-16T13:44:21","guid":{"rendered":"https:\/\/studyquestuae.com\/?page_id=322"},"modified":"2025-08-27T14:47:49","modified_gmt":"2025-08-27T17:47:49","slug":"book-a-free-consultation","status":"publish","type":"page","link":"https:\/\/studyquestuae.com\/pt_br\/book-a-free-consultation\/","title":{"rendered":"Agende uma Consulta Gratuita"},"content":{"rendered":"<div data-elementor-type=\"wp-page\" data-elementor-id=\"322\" class=\"elementor elementor-322\" data-elementor-settings=\"{&quot;ha_cmc_init_switcher&quot;:&quot;no&quot;}\" data-elementor-post-type=\"page\">\n\t\t\t\t\t\t<section class=\"elementor-section elementor-top-section elementor-element elementor-element-087b3b4 elementor-section-height-min-height elementor-section-boxed elementor-section-height-default elementor-section-items-middle\" data-id=\"087b3b4\" data-element_type=\"section\" data-e-type=\"section\" data-settings=\"{&quot;background_background&quot;:&quot;classic&quot;}\">\n\t\t\t\t\t\t\t<div class=\"elementor-background-overlay\"><\/div>\n\t\t\t\t\t\t\t<div class=\"elementor-container elementor-column-gap-default\">\n\t\t\t\t\t<div class=\"elementor-column elementor-col-100 elementor-top-column elementor-element elementor-element-c3ef4aa\" data-id=\"c3ef4aa\" data-element_type=\"column\" data-e-type=\"column\">\n\t\t\t<div class=\"elementor-widget-wrap elementor-element-populated\">\n\t\t\t\t\t\t<div class=\"elementor-element elementor-element-c78d521 elementor-widget elementor-widget-heading\" data-id=\"c78d521\" data-element_type=\"widget\" data-e-type=\"widget\" data-widget_type=\"heading.default\">\n\t\t\t\t<div class=\"elementor-widget-container\">\n\t\t\t\t\t<h2 class=\"elementor-heading-title elementor-size-default\">Agende uma consulta gratuita com um especialista<\/h2>\t\t\t\t<\/div>\n\t\t\t\t<\/div>\n\t\t\t\t\t<\/div>\n\t\t<\/div>\n\t\t\t\t\t<\/div>\n\t\t<\/section>\n\t\t\t\t<section class=\"elementor-section elementor-top-section elementor-element elementor-element-3d75cf4 elementor-section-boxed elementor-section-height-default elementor-section-height-default\" data-id=\"3d75cf4\" data-element_type=\"section\" data-e-type=\"section\" data-settings=\"{&quot;background_background&quot;:&quot;classic&quot;}\">\n\t\t\t\t\t\t<div class=\"elementor-container elementor-column-gap-default\">\n\t\t\t\t\t<div class=\"elementor-column elementor-col-100 elementor-top-column elementor-element elementor-element-1671609\" data-id=\"1671609\" data-element_type=\"column\" data-e-type=\"column\">\n\t\t\t<div class=\"elementor-widget-wrap elementor-element-populated\">\n\t\t\t\t\t\t<div class=\"elementor-element elementor-element-8c4970c elementor-widget elementor-widget-html\" data-id=\"8c4970c\" data-element_type=\"widget\" data-e-type=\"widget\" data-widget_type=\"html.default\">\n\t\t\t\t<div class=\"elementor-widget-container\">\n\t\t\t\t\t<iframe width='100%' height='800px' src='https:\/\/studyquest.zohobookings.com\/portal-embed#\/assessor' frameborder='0' allowfullscreen='' > <\/iframe>\t\t\t\t<\/div>\n\t\t\t\t<\/div>\n\t\t\t\t<div class=\"elementor-element elementor-element-94b04de elementor-hidden-widescreen elementor-hidden-desktop elementor-hidden-laptop elementor-hidden-tablet elementor-hidden-mobile_extra elementor-hidden-mobile elementor-button-align-stretch elementor-widget elementor-widget-form\" data-id=\"94b04de\" data-element_type=\"widget\" data-e-type=\"widget\" data-settings=\"{&quot;step_next_label&quot;:&quot;Next&quot;,&quot;step_previous_label&quot;:&quot;Previous&quot;,&quot;button_width&quot;:&quot;100&quot;,&quot;step_type&quot;:&quot;number_text&quot;,&quot;step_icon_shape&quot;:&quot;circle&quot;}\" data-widget_type=\"form.default\">\n\t\t\t\t<div class=\"elementor-widget-container\">\n\t\t\t\t\t\t\t<form class=\"elementor-form\" method=\"post\" name=\"book a free consultation\" aria-label=\"book a free consultation\" action=\"\">\n\t\t\t<input type=\"hidden\" name=\"post_id\" value=\"322\"\/>\n\t\t\t<input type=\"hidden\" name=\"form_id\" value=\"94b04de\"\/>\n\t\t\t<input type=\"hidden\" name=\"referer_title\" value=\"Book a Free Consultation - Study Quest\" \/>\n\n\t\t\t\t\t\t\t<input type=\"hidden\" name=\"queried_id\" value=\"322\"\/>\n\t\t\t\n\t\t\t<div class=\"elementor-form-fields-wrapper elementor-labels-above\">\n\t\t\t\t\t\t\t\t<div class=\"elementor-field-type-step elementor-field-group elementor-column elementor-field-group-field_76683bb elementor-col-100\">\n\t\t\t\t\t\t\t<div class=\"e-field-step elementor-hidden\" data-label=\"\" data-previousbutton=\"\" data-nextbutton=\"\" data-iconurl=\"\" data-iconlibrary=\"fas fa-star\" data-icon=\"\" ><\/div>\n\n\t\t\t\t\t\t<\/div>\n\t\t\t\t\t\t\t\t<div class=\"elementor-field-type-text elementor-field-group elementor-column elementor-field-group-name elementor-col-50 elementor-field-required elementor-mark-required\">\n\t\t\t\t\t\t\t\t\t\t\t\t<label for=\"form-field-name\" class=\"elementor-field-label\">\n\t\t\t\t\t\t\t\tSeu nome\t\t\t\t\t\t\t<\/label>\n\t\t\t\t\t\t\t\t\t\t\t\t\t\t<input size=\"1\" type=\"text\" name=\"form_fields[name]\" id=\"form-field-name\" class=\"elementor-field elementor-size-sm  elementor-field-textual\" placeholder=\"Jhon Doe\" required=\"required\">\n\t\t\t\t\t\t\t\t\t\t\t<\/div>\n\t\t\t\t\t\t\t\t<div class=\"elementor-field-type-email elementor-field-group elementor-column elementor-field-group-email elementor-col-50 elementor-field-required elementor-mark-required\">\n\t\t\t\t\t\t\t\t\t\t\t\t<label for=\"form-field-email\" class=\"elementor-field-label\">\n\t\t\t\t\t\t\t\tSeu e-mail\t\t\t\t\t\t\t<\/label>\n\t\t\t\t\t\t\t\t\t\t\t\t\t\t<input size=\"1\" type=\"email\" name=\"form_fields[email]\" id=\"form-field-email\" class=\"elementor-field elementor-size-sm  elementor-field-textual\" placeholder=\"mail@mail.com\" required=\"required\">\n\t\t\t\t\t\t\t\t\t\t\t<\/div>\n\t\t\t\t\t\t\t\t<div class=\"elementor-field-type-tel elementor-field-group elementor-column elementor-field-group-field_00d64c3 elementor-col-50 elementor-field-required elementor-mark-required\">\n\t\t\t\t\t\t\t\t\t\t\t\t<label for=\"form-field-field_00d64c3\" class=\"elementor-field-label\">\n\t\t\t\t\t\t\t\tTelefone\t\t\t\t\t\t\t<\/label>\n\t\t\t\t\t\t\t\t<input size=\"1\" type=\"tel\" name=\"form_fields[field_00d64c3]\" id=\"form-field-field_00d64c3\" class=\"elementor-field elementor-size-sm  elementor-field-textual\" placeholder=\"+1 012 3456 789\" required=\"required\" pattern=\"[0-9()#&amp;+*-=.]+\" title=\"Only numbers and phone characters (#, -, *, etc) are accepted.\">\n\n\t\t\t\t\t\t<\/div>\n\t\t\t\t\t\t\t\t<div class=\"elementor-field-type-text elementor-field-group elementor-column elementor-field-group-message elementor-col-50\">\n\t\t\t\t\t\t\t\t\t\t\t\t<label for=\"form-field-message\" class=\"elementor-field-label\">\n\t\t\t\t\t\t\t\tEscola\t\t\t\t\t\t\t<\/label>\n\t\t\t\t\t\t\t\t\t\t\t\t\t\t<input size=\"1\" type=\"text\" name=\"form_fields[message]\" id=\"form-field-message\" class=\"elementor-field elementor-size-sm  elementor-field-textual\" placeholder=\"School\">\n\t\t\t\t\t\t\t\t\t\t\t<\/div>\n\t\t\t\t\t\t\t\t<div class=\"elementor-field-type-text elementor-field-group elementor-column elementor-field-group-field_13ae52e elementor-col-50\">\n\t\t\t\t\t\t\t\t\t\t\t\t<label for=\"form-field-field_13ae52e\" class=\"elementor-field-label\">\n\t\t\t\t\t\t\t\tCidade\/Estado\/Pais\t\t\t\t\t\t\t<\/label>\n\t\t\t\t\t\t\t\t\t\t\t\t\t\t<input size=\"1\" type=\"text\" name=\"form_fields[field_13ae52e]\" id=\"form-field-field_13ae52e\" class=\"elementor-field elementor-size-sm  elementor-field-textual\" placeholder=\"Cidade\/Estado\/Pais\">\n\t\t\t\t\t\t\t\t\t\t\t<\/div>\n\t\t\t\t\t\t\t\t<div class=\"elementor-field-type-text elementor-field-group elementor-column elementor-field-group-field_cdb1df9 elementor-col-50\">\n\t\t\t\t\t\t\t\t\t\t\t\t<label for=\"form-field-field_cdb1df9\" class=\"elementor-field-label\">\n\t\t\t\t\t\t\t\tEstudante ou respons\u00e1vel?\t\t\t\t\t\t\t<\/label>\n\t\t\t\t\t\t\t\t\t\t\t\t\t\t<input size=\"1\" type=\"text\" name=\"form_fields[field_cdb1df9]\" id=\"form-field-field_cdb1df9\" class=\"elementor-field elementor-size-sm  elementor-field-textual\" placeholder=\"Estudante ou respons\u00e1vel\">\n\t\t\t\t\t\t\t\t\t\t\t<\/div>\n\t\t\t\t\t\t\t\t<div class=\"elementor-field-type-step elementor-field-group elementor-column elementor-field-group-field_13229bf elementor-col-100\">\n\t\t\t\t\t\t\t<div class=\"e-field-step elementor-hidden\" data-label=\"\" data-previousbutton=\"\" data-nextbutton=\"\" data-iconurl=\"\" data-iconlibrary=\"fas fa-star\" data-icon=\"\" ><\/div>\n\n\t\t\t\t\t\t<\/div>\n\t\t\t\t\t\t\t\t<div class=\"elementor-field-type-select elementor-field-group elementor-column elementor-field-group-field_1054442 elementor-col-100\">\n\t\t\t\t\t\t\t\t\t\t\t\t<label for=\"form-field-field_1054442\" class=\"elementor-field-label\">\n\t\t\t\t\t\t\t\tQual programa voc\u00ea est\u00e1 interessado(a)?\t\t\t\t\t\t\t<\/label>\n\t\t\t\t\t\t\t\t<div class=\"elementor-field elementor-select-wrapper remove-before\">\n\t\t\t<div class=\"select-caret-down-wrapper\">\n\t\t\t\t<i aria-hidden=\"true\" class=\"eicon-caret-down\"><\/i>\t\t\t<\/div>\n\t\t\t<select name=\"form_fields[field_1054442]\" id=\"form-field-field_1054442\" class=\"elementor-field-textual elementor-size-sm\">\n\t\t\t\t\t\t\t\t\t<option value=\"Undergraduate Degree\">Aplica\u00e7\u00e3o para universidade<\/option>\n\t\t\t\t\t\t\t\t\t<option value=\"Exchange Programme\">Programa de Interc\u00e2mbio<\/option>\n\t\t\t\t\t\t\t\t\t<option value=\"Student Finance Application\">Aplica\u00e7\u00e3o para Financiamento Estudantil<\/option>\n\t\t\t\t\t\t\t\t\t<option value=\"NHS Application\">Aplica\u00e7\u00e3o para o NHS (Sistema Nacional de Sa\u00fade)<\/option>\n\t\t\t\t\t\t\t\t\t<option value=\"Master&#039;s Degree\">Master&#039;s Degree<\/option>\n\t\t\t\t\t\t\t\t\t<option value=\"Summer Courses\">Summer Courses<\/option>\n\t\t\t\t\t\t\t\t\t<option value=\"Scholarship Applications\">Aplica\u00e7\u00f5es de Bolsas de Estudo<\/option>\n\t\t\t\t\t\t\t\t\t<option value=\"ETIAS application to any\">ETIAS application to any<\/option>\n\t\t\t\t\t\t\t\t\t<option value=\"Schengen Country\">Schengen Country<\/option>\n\t\t\t\t\t\t\t\t\t<option value=\"PHD Degree Application\">Candidatura para Doutorado<\/option>\n\t\t\t\t\t\t\t\t\t<option value=\"English Courses\">Cursos de Ingl\u00eas<\/option>\n\t\t\t\t\t\t\t\t\t<option value=\"Translation of Documents\">Tradu\u00e7\u00e3o de Documentos<\/option>\n\t\t\t\t\t\t\t\t\t<option value=\"Assistance with Accommodation\">Assist\u00eancia com Acomoda\u00e7\u00e3o<\/option>\n\t\t\t\t\t\t\t\t\t<option value=\"Other\">Other<\/option>\n\t\t\t\t\t\t\t<\/select>\n\t\t<\/div>\n\t\t\t\t\t\t<\/div>\n\t\t\t\t\t\t\t\t<div class=\"elementor-field-type-step elementor-field-group elementor-column elementor-field-group-field_16ac34e elementor-col-100\">\n\t\t\t\t\t\t\t<div class=\"e-field-step elementor-hidden\" data-label=\"\" data-previousbutton=\"\" data-nextbutton=\"\" data-iconurl=\"\" data-iconlibrary=\"fas fa-star\" data-icon=\"\" ><\/div>\n\n\t\t\t\t\t\t<\/div>\n\t\t\t\t\t\t\t\t<div class=\"elementor-field-type-text elementor-field-group elementor-column elementor-field-group-field_8a7ca0f elementor-col-50\">\n\t\t\t\t\t\t\t\t\t\t\t\t<label for=\"form-field-field_8a7ca0f\" class=\"elementor-field-label\">\n\t\t\t\t\t\t\t\tD\u00favidas adicionais\t\t\t\t\t\t\t<\/label>\n\t\t\t\t\t\t\t\t\t\t\t\t\t\t<input size=\"1\" type=\"text\" name=\"form_fields[field_8a7ca0f]\" id=\"form-field-field_8a7ca0f\" class=\"elementor-field elementor-size-sm  elementor-field-textual\" placeholder=\"D\u00favidas?\">\n\t\t\t\t\t\t\t\t\t\t\t<\/div>\n\t\t\t\t\t\t\t\t<div class=\"elementor-field-type-text elementor-field-group elementor-column elementor-field-group-field_6ea24dc elementor-col-50\">\n\t\t\t\t\t\t\t\t\t\t\t\t<label for=\"form-field-field_6ea24dc\" class=\"elementor-field-label\">\n\t\t\t\t\t\t\t\tComo voc\u00ea ouviu falar de n\u00f3s?\t\t\t\t\t\t\t<\/label>\n\t\t\t\t\t\t\t\t\t\t\t\t\t\t<input size=\"1\" type=\"text\" name=\"form_fields[field_6ea24dc]\" id=\"form-field-field_6ea24dc\" class=\"elementor-field elementor-size-sm  elementor-field-textual\" placeholder=\"Instagram, Google ou outro lugar\">\n\t\t\t\t\t\t\t\t\t\t\t<\/div>\n\t\t\t\t\t\t\t\t<div class=\"elementor-field-type-text elementor-field-group elementor-column elementor-field-group-field_4936a04 elementor-col-100\">\n\t\t\t\t\t\t\t\t\t\t\t\t<label for=\"form-field-field_4936a04\" class=\"elementor-field-label\">\n\t\t\t\t\t\t\t\tCupom de Desconto\t\t\t\t\t\t\t<\/label>\n\t\t\t\t\t\t\t\t\t\t\t\t\t\t<input size=\"1\" type=\"text\" name=\"form_fields[field_4936a04]\" id=\"form-field-field_4936a04\" class=\"elementor-field elementor-size-sm  elementor-field-textual\" placeholder=\"Cupom de desconto\">\n\t\t\t\t\t\t\t\t\t\t\t<\/div>\n\t\t\t\t\t\t\t\t<div class=\"elementor-field-group elementor-column elementor-field-type-submit elementor-col-100 e-form__buttons\">\n\t\t\t\t\t<button class=\"elementor-button elementor-size-sm\" type=\"submit\">\n\t\t\t\t\t\t<span class=\"elementor-button-content-wrapper\">\n\t\t\t\t\t\t\t\t\t\t\t\t\t\t\t\t\t\t\t\t\t\t<span class=\"elementor-button-text\">Enviar<\/span>\n\t\t\t\t\t\t\t\t\t\t\t\t\t<\/span>\n\t\t\t\t\t<\/button>\n\t\t\t\t<\/div>\n\t\t\t<\/div>\n\t\t<input type=\"hidden\" name=\"trp-form-language\" value=\"pt_br\"\/><\/form>\n\t\t\t\t\t\t<\/div>\n\t\t\t\t<\/div>\n\t\t\t\t\t<\/div>\n\t\t<\/div>\n\t\t\t\t\t<\/div>\n\t\t<\/section>\n\t\t\t\t<\/div>","protected":false},"excerpt":{"rendered":"<p>Book a free consultation with a specialist<\/p>","protected":false},"author":1,"featured_media":0,"parent":0,"menu_order":0,"comment_status":"closed","ping_status":"closed","template":"elementor_header_footer","meta":{"footnotes":""},"class_list":["post-322","page","type-page","status-publish","hentry"],"yoast_head":"<!-- This site is optimized with the Yoast SEO plugin v26.8 - https:\/\/yoast.com\/product\/yoast-seo-wordpress\/ -->\n<title>Book a Free Consultation - Study Quest<\/title>\n<meta name=\"description\" content=\"When it comes to job applications, no matter the industry you choose, a qualification from a UK university will help your CV stand out. The quality and renown of the British Education system will be recognised by your potential employer, increasing your chances of landing your dream job.\" \/>\n<meta name=\"robots\" content=\"index, follow, max-snippet:-1, max-image-preview:large, max-video-preview:-1\" \/>\n<link rel=\"canonical\" href=\"https:\/\/studyquestuae.com\/pt_br\/book-a-free-consultation\/\" \/>\n<meta property=\"og:locale\" content=\"pt_BR\" \/>\n<meta property=\"og:type\" content=\"article\" \/>\n<meta property=\"og:title\" content=\"Book a Free Consultation - Study Quest\" \/>\n<meta property=\"og:description\" content=\"When it comes to job applications, no matter the industry you choose, a qualification from a UK university will help your CV stand out. The quality and renown of the British Education system will be recognised by your potential employer, increasing your chances of landing your dream job.\" \/>\n<meta property=\"og:url\" content=\"https:\/\/studyquestuae.com\/pt_br\/book-a-free-consultation\/\" \/>\n<meta property=\"og:site_name\" content=\"Study Quest\" \/>\n<meta property=\"article:publisher\" content=\"https:\/\/www.facebook.com\/profile.php?id=100094298680128\" \/>\n<meta property=\"article:modified_time\" content=\"2025-08-27T17:47:49+00:00\" \/>\n<meta name=\"twitter:card\" content=\"summary_large_image\" \/>\n<meta name=\"twitter:label1\" content=\"Est. tempo de leitura\" \/>\n\t<meta name=\"twitter:data1\" content=\"1 minuto\" \/>\n<script type=\"application\/ld+json\" class=\"yoast-schema-graph\">{\"@context\":\"https:\/\/schema.org\",\"@graph\":[{\"@type\":\"WebPage\",\"@id\":\"https:\/\/studyquestuae.com\/book-a-free-consultation\/\",\"url\":\"https:\/\/studyquestuae.com\/book-a-free-consultation\/\",\"name\":\"Book a Free Consultation - Study Quest\",\"isPartOf\":{\"@id\":\"https:\/\/studyquestuae.com\/#website\"},\"datePublished\":\"2023-07-16T13:44:21+00:00\",\"dateModified\":\"2025-08-27T17:47:49+00:00\",\"description\":\"When it comes to job applications, no matter the industry you choose, a qualification from a UK university will help your CV stand out. The quality and renown of the British Education system will be recognised by your potential employer, increasing your chances of landing your dream job.\",\"breadcrumb\":{\"@id\":\"https:\/\/studyquestuae.com\/book-a-free-consultation\/#breadcrumb\"},\"inLanguage\":\"pt-BR\",\"potentialAction\":[{\"@type\":\"ReadAction\",\"target\":[\"https:\/\/studyquestuae.com\/book-a-free-consultation\/\"]}]},{\"@type\":\"BreadcrumbList\",\"@id\":\"https:\/\/studyquestuae.com\/book-a-free-consultation\/#breadcrumb\",\"itemListElement\":[{\"@type\":\"ListItem\",\"position\":1,\"name\":\"Home\",\"item\":\"https:\/\/studyquestuae.com\/\"},{\"@type\":\"ListItem\",\"position\":2,\"name\":\"Book a Free Consultation\"}]},{\"@type\":\"WebSite\",\"@id\":\"https:\/\/studyquestuae.com\/#website\",\"url\":\"https:\/\/studyquestuae.com\/\",\"name\":\"Study Quest\",\"description\":\"Transform your future: Study in the UK!\",\"publisher\":{\"@id\":\"https:\/\/studyquestuae.com\/#organization\"},\"potentialAction\":[{\"@type\":\"SearchAction\",\"target\":{\"@type\":\"EntryPoint\",\"urlTemplate\":\"https:\/\/studyquestuae.com\/?s={search_term_string}\"},\"query-input\":{\"@type\":\"PropertyValueSpecification\",\"valueRequired\":true,\"valueName\":\"search_term_string\"}}],\"inLanguage\":\"pt-BR\"},{\"@type\":\"Organization\",\"@id\":\"https:\/\/studyquestuae.com\/#organization\",\"name\":\"Study Quest\",\"url\":\"https:\/\/studyquestuae.com\/\",\"logo\":{\"@type\":\"ImageObject\",\"inLanguage\":\"pt-BR\",\"@id\":\"https:\/\/studyquestuae.com\/#\/schema\/logo\/image\/\",\"url\":\"https:\/\/studyquestuae.com\/wp-content\/uploads\/2023\/07\/logo.svg\",\"contentUrl\":\"https:\/\/studyquestuae.com\/wp-content\/uploads\/2023\/07\/logo.svg\",\"width\":277,\"height\":47,\"caption\":\"Study Quest\"},\"image\":{\"@id\":\"https:\/\/studyquestuae.com\/#\/schema\/logo\/image\/\"},\"sameAs\":[\"https:\/\/www.facebook.com\/profile.php?id=100094298680128\"]}]}<\/script>\n<!-- \/ Yoast SEO plugin. -->","yoast_head_json":{"title":"Book a Free Consultation - Study Quest","description":"When it comes to job applications, no matter the industry you choose, a qualification from a UK university will help your CV stand out. The quality and renown of the British Education system will be recognised by your potential employer, increasing your chances of landing your dream job.","robots":{"index":"index","follow":"follow","max-snippet":"max-snippet:-1","max-image-preview":"max-image-preview:large","max-video-preview":"max-video-preview:-1"},"canonical":"https:\/\/studyquestuae.com\/pt_br\/book-a-free-consultation\/","og_locale":"pt_BR","og_type":"article","og_title":"Book a Free Consultation - Study Quest","og_description":"When it comes to job applications, no matter the industry you choose, a qualification from a UK university will help your CV stand out. The quality and renown of the British Education system will be recognised by your potential employer, increasing your chances of landing your dream job.","og_url":"https:\/\/studyquestuae.com\/pt_br\/book-a-free-consultation\/","og_site_name":"Study Quest","article_publisher":"https:\/\/www.facebook.com\/profile.php?id=100094298680128","article_modified_time":"2025-08-27T17:47:49+00:00","twitter_card":"summary_large_image","twitter_misc":{"Est. tempo de leitura":"1 minuto"},"schema":{"@context":"https:\/\/schema.org","@graph":[{"@type":"WebPage","@id":"https:\/\/studyquestuae.com\/book-a-free-consultation\/","url":"https:\/\/studyquestuae.com\/book-a-free-consultation\/","name":"Book a Free Consultation - Study Quest","isPartOf":{"@id":"https:\/\/studyquestuae.com\/#website"},"datePublished":"2023-07-16T13:44:21+00:00","dateModified":"2025-08-27T17:47:49+00:00","description":"When it comes to job applications, no matter the industry you choose, a qualification from a UK university will help your CV stand out. The quality and renown of the British Education system will be recognised by your potential employer, increasing your chances of landing your dream job.","breadcrumb":{"@id":"https:\/\/studyquestuae.com\/book-a-free-consultation\/#breadcrumb"},"inLanguage":"pt-BR","potentialAction":[{"@type":"ReadAction","target":["https:\/\/studyquestuae.com\/book-a-free-consultation\/"]}]},{"@type":"BreadcrumbList","@id":"https:\/\/studyquestuae.com\/book-a-free-consultation\/#breadcrumb","itemListElement":[{"@type":"ListItem","position":1,"name":"Home","item":"https:\/\/studyquestuae.com\/"},{"@type":"ListItem","position":2,"name":"Book a Free Consultation"}]},{"@type":"WebSite","@id":"https:\/\/studyquestuae.com\/#website","url":"https:\/\/studyquestuae.com\/","name":"Study Quest","description":"Transform your future: Study in the UK!","publisher":{"@id":"https:\/\/studyquestuae.com\/#organization"},"potentialAction":[{"@type":"SearchAction","target":{"@type":"EntryPoint","urlTemplate":"https:\/\/studyquestuae.com\/?s={search_term_string}"},"query-input":{"@type":"PropertyValueSpecification","valueRequired":true,"valueName":"search_term_string"}}],"inLanguage":"pt-BR"},{"@type":"Organization","@id":"https:\/\/studyquestuae.com\/#organization","name":"Study Quest","url":"https:\/\/studyquestuae.com\/","logo":{"@type":"ImageObject","inLanguage":"pt-BR","@id":"https:\/\/studyquestuae.com\/#\/schema\/logo\/image\/","url":"https:\/\/studyquestuae.com\/wp-content\/uploads\/2023\/07\/logo.svg","contentUrl":"https:\/\/studyquestuae.com\/wp-content\/uploads\/2023\/07\/logo.svg","width":277,"height":47,"caption":"Study Quest"},"image":{"@id":"https:\/\/studyquestuae.com\/#\/schema\/logo\/image\/"},"sameAs":["https:\/\/www.facebook.com\/profile.php?id=100094298680128"]}]}},"_links":{"self":[{"href":"https:\/\/studyquestuae.com\/pt_br\/wp-json\/wp\/v2\/pages\/322","targetHints":{"allow":["GET"]}}],"collection":[{"href":"https:\/\/studyquestuae.com\/pt_br\/wp-json\/wp\/v2\/pages"}],"about":[{"href":"https:\/\/studyquestuae.com\/pt_br\/wp-json\/wp\/v2\/types\/page"}],"author":[{"embeddable":true,"href":"https:\/\/studyquestuae.com\/pt_br\/wp-json\/wp\/v2\/users\/1"}],"replies":[{"embeddable":true,"href":"https:\/\/studyquestuae.com\/pt_br\/wp-json\/wp\/v2\/comments?post=322"}],"version-history":[{"count":0,"href":"https:\/\/studyquestuae.com\/pt_br\/wp-json\/wp\/v2\/pages\/322\/revisions"}],"wp:attachment":[{"href":"https:\/\/studyquestuae.com\/pt_br\/wp-json\/wp\/v2\/media?parent=322"}],"curies":[{"name":"wp","href":"https:\/\/api.w.org\/{rel}","templated":true}]}}